{"id":363,"date":"2008-09-09T19:25:23","date_gmt":"2008-09-09T17:25:23","guid":{"rendered":"http:\/\/seniorlab.citilab.tv\/?page_id=2"},"modified":"2025-01-09T12:48:38","modified_gmt":"2025-01-09T11:48:38","slug":"about","status":"publish","type":"page","link":"http:\/\/seniorlab.citilab.eu\/?page_id=363","title":{"rendered":"El projecte"},"content":{"rendered":"<h4>El SeniorLab \u00e9s una iniciativa que parteix de la idea que la gent gran pot contribuir de forma innovadora al disseny i construcci\u00f3 de la societat digital i del coneixement, aportant la seva experi\u00e8ncia i la seva mem\u00f2ria com un b\u00e9 patrimonial.<\/h4>\n<h4>A trav\u00e9s d\u2019aquesta comunitat, s\u2019exploren les possibilitats de desenvolupament de les capacitats d\u2019innovaci\u00f3 entre les poblacions de gent gran en el disseny i la construcci\u00f3 de la societat del coneixement, fonamentalment en un context d\u2019innovaci\u00f3 tecnol\u00f2gica.<\/h4>\n<h4>L\u2019objectiu del projecte \u00e9s l\u2019empoderament de les persones grans en compet\u00e8ncies tecnol\u00f2giques, potenciant aix\u00ed la seva participaci\u00f3 en els debats ciutadans i evitant l\u2019exclusi\u00f3 social.<\/h4>\n<h4>L\u2019aportaci\u00f3 de la mem\u00f2ria i l\u2019experi\u00e8ncia de les persones grans en el conjunt de la societat \u00e9s un objectiu natural de qualsevol comunitat; i fer-ho amb l\u2019\u00fas de les tecnologies i facilitant-ne l\u2019acc\u00e9s a aquest col\u00b7lectiu que pot sentir-se\u2019n excl\u00f2s \u00e9s objectiu del SeniorLab. D\u2019aquesta manera la comunitat de persones grans de Cornell\u00e0 pot fer aportacions de pes a trav\u00e9s de les TIC, aconseguint, a m\u00e9s, millorar l\u2019autoimatge d\u2019aquesta comunitat.<\/h4>\n","protected":false},"excerpt":{"rendered":"<p>El SeniorLab \u00e9s una iniciativa que parteix de la idea que la gent gran pot contribuir de forma innovadora al disseny i construcci\u00f3 de la societat digital i del coneixement, aportant la seva experi\u00e8ncia i la seva mem\u00f2ria com un b\u00e9 patrimonial. A trav\u00e9s d\u2019aquesta comunitat, s\u2019exploren les possibilitats de desenvolupament de les capacitats d\u2019innovaci\u00f3 [&hellip;]<\/p>\n","protected":false},"author":5,"featured_media":0,"parent":0,"menu_order":0,"comment_status":"open","ping_status":"open","template":"","meta":{"footnotes":""},"class_list":["post-363","page","type-page","status-publish","hentry"],"_links":{"self":[{"href":"http:\/\/seniorlab.citilab.eu\/index.php?rest_route=\/wp\/v2\/pages\/363","targetHints":{"allow":["GET"]}}],"collection":[{"href":"http:\/\/seniorlab.citilab.eu\/index.php?rest_route=\/wp\/v2\/pages"}],"about":[{"href":"http:\/\/seniorlab.citilab.eu\/index.php?rest_route=\/wp\/v2\/types\/page"}],"author":[{"embeddable":true,"href":"http:\/\/seniorlab.citilab.eu\/index.php?rest_route=\/wp\/v2\/users\/5"}],"replies":[{"embeddable":true,"href":"http:\/\/seniorlab.citilab.eu\/index.php?rest_route=%2Fwp%2Fv2%2Fcomments&post=363"}],"version-history":[{"count":9,"href":"http:\/\/seniorlab.citilab.eu\/index.php?rest_route=\/wp\/v2\/pages\/363\/revisions"}],"predecessor-version":[{"id":5572,"href":"http:\/\/seniorlab.citilab.eu\/index.php?rest_route=\/wp\/v2\/pages\/363\/revisions\/5572"}],"wp:attachment":[{"href":"http:\/\/seniorlab.citilab.eu\/index.php?rest_route=%2Fwp%2Fv2%2Fmedia&parent=363"}],"curies":[{"name":"wp","href":"https:\/\/api.w.org\/{rel}","templated":true}]}}